{"id":294,"date":"2024-08-26T09:54:46","date_gmt":"2024-08-26T09:54:46","guid":{"rendered":"https:\/\/campingpark-siebengebirge.de\/?page_id=294"},"modified":"2024-08-26T10:00:53","modified_gmt":"2024-08-26T10:00:53","slug":"campingpark-neu","status":"publish","type":"page","link":"https:\/\/campingpark-siebengebirge.de\/?page_id=294","title":{"rendered":"Campingpark"},"content":{"rendered":"\n<div class=\"wp-block-nextend-smartslider3\">[smartslider3 slider=&#8220;3&#8243;]<\/div>\n\n\n\n<div style=\"height:47px\" aria-hidden=\"true\" class=\"wp-block-spacer\"><\/div>\n\n\n\n<h1 class=\"alignwide\"><strong>Sie suchen einen tollen Campingpark im Siebengebirge mit Langzeitstellplatz?<\/strong><\/h1>\n\n\n\n<h3 class=\"alignwide\">Dann sind Sie im Campingpark Siebengebirge richtig.<\/h3>\n\n\n\n<div style=\"height:47px\" aria-hidden=\"true\" class=\"wp-block-spacer\"><\/div>\n\n\n\n<div class=\"wp-block-media-text alignwide is-stacked-on-mobile\"><figure class=\"wp-block-media-text__media\"><img decoding=\"async\" loading=\"lazy\" width=\"1024\" height=\"768\" src=\"https:\/\/campingpark-siebengebirge.de\/wp-content\/uploads\/2022\/10\/Wagen-1024x768.jpg\" alt=\"\" class=\"wp-image-31 size-full\" srcset=\"https:\/\/campingpark-siebengebirge.de\/wp-content\/uploads\/2022\/10\/Wagen-1024x768.jpg 1024w, https:\/\/campingpark-siebengebirge.de\/wp-content\/uploads\/2022\/10\/Wagen-300x225.jpg 300w, https:\/\/campingpark-siebengebirge.de\/wp-content\/uploads\/2022\/10\/Wagen-768x576.jpg 768w, https:\/\/campingpark-siebengebirge.de\/wp-content\/uploads\/2022\/10\/Wagen-1536x1152.jpg 1536w, https:\/\/campingpark-siebengebirge.de\/wp-content\/uploads\/2022\/10\/Wagen-2048x1536.jpg 2048w\" sizes=\"(max-width: 1024px) 100vw, 1024px\" \/><\/figure><div class=\"wp-block-media-text__content\">\n<h2><strong>Campingpark<\/strong><\/h2>\n\n\n\n<p>Der Campingpark Siebengebirge verf\u00fcgt \u00fcber ca. 80 Dauerstellpl\u00e4tze mit einer Fl\u00e4che von ca. 100 \u2013 150m\u00b2 die ganzj\u00e4hrig angemietet werden k\u00f6nnen. Die Parzellen verf\u00fcgen \u00fcber Strom mit eigenem Z\u00e4hler.<\/p>\n\n\n\n<p>Der Park ist schnell aus K\u00f6nigswinter (ca. 15min), Bonn (ca. 25min) und K\u00f6ln (ca. 40min) erreichbar.<\/p>\n<\/div><\/div>\n\n\n\n<hr class=\"wp-block-separator has-alpha-channel-opacity is-style-wide\"\/>\n\n\n\n<div class=\"wp-block-media-text alignwide is-stacked-on-mobile\"><figure class=\"wp-block-media-text__media\"><img decoding=\"async\" loading=\"lazy\" width=\"848\" height=\"471\" src=\"https:\/\/campingpark-siebengebirge.de\/wp-content\/uploads\/2022\/11\/102161f5-df25-4dd0-8dce-dccebbe6d6d8.jpg\" alt=\"\" class=\"wp-image-142 size-full\" srcset=\"https:\/\/campingpark-siebengebirge.de\/wp-content\/uploads\/2022\/11\/102161f5-df25-4dd0-8dce-dccebbe6d6d8.jpg 848w, https:\/\/campingpark-siebengebirge.de\/wp-content\/uploads\/2022\/11\/102161f5-df25-4dd0-8dce-dccebbe6d6d8-300x167.jpg 300w, https:\/\/campingpark-siebengebirge.de\/wp-content\/uploads\/2022\/11\/102161f5-df25-4dd0-8dce-dccebbe6d6d8-768x427.jpg 768w\" sizes=\"(max-width: 848px) 100vw, 848px\" \/><\/figure><div class=\"wp-block-media-text__content\">\n<h2><strong>Einrichtungen<\/strong><\/h2>\n\n\n\n<p>Der Campingpark Siebengebirge verf\u00fcgt \u00fcber ein Schwimmbad das in den Sommermonaten f\u00fcr Dauercamper und ihre G\u00e4ste kostenfrei genutzt werden kann.<\/p>\n\n\n\n<p>Die gemeinschaftlichen Duschen, Waschmaschinen und sanit\u00e4ren Einrichtungen k\u00f6nnen ganzj\u00e4hrig benutzt werden. Auf dem Platz ist ein Platzwart t\u00e4glich anwesend und steht mit helfender Hand zur Seite.<\/p>\n<\/div><\/div>\n\n\n\n<hr class=\"wp-block-separator has-alpha-channel-opacity is-style-wide\"\/>\n\n\n\n<div class=\"wp-block-media-text alignwide is-stacked-on-mobile\"><figure class=\"wp-block-media-text__media\"><img decoding=\"async\" loading=\"lazy\" width=\"1024\" height=\"768\" src=\"https:\/\/campingpark-siebengebirge.de\/wp-content\/uploads\/2022\/10\/Grillstelle-1024x768.jpg\" alt=\"\" class=\"wp-image-32 size-full\" srcset=\"https:\/\/campingpark-siebengebirge.de\/wp-content\/uploads\/2022\/10\/Grillstelle-1024x768.jpg 1024w, https:\/\/campingpark-siebengebirge.de\/wp-content\/uploads\/2022\/10\/Grillstelle-300x225.jpg 300w, https:\/\/campingpark-siebengebirge.de\/wp-content\/uploads\/2022\/10\/Grillstelle-768x576.jpg 768w, https:\/\/campingpark-siebengebirge.de\/wp-content\/uploads\/2022\/10\/Grillstelle-1536x1152.jpg 1536w, https:\/\/campingpark-siebengebirge.de\/wp-content\/uploads\/2022\/10\/Grillstelle-2048x1536.jpg 2048w\" sizes=\"(max-width: 1024px) 100vw, 1024px\" \/><\/figure><div class=\"wp-block-media-text__content\">\n<h2><strong>Service<\/strong><\/h2>\n\n\n\n<p>Im Campingpark wird Service gelebt. Ob Kohle f\u00fcr den Grill am Gemeinschaftsplatz oder Holz f\u00fcr die Feuerstelle. Der Platzwart hilft Campern gerne. G\u00e4ste k\u00f6nnen den reichlich verf\u00fcgbaren Platz auch f\u00fcr Geburtstage, Sommerfeste und andere Veranstaltungen nutzen.<\/p>\n\n\n\n<p>Der Campingpark verf\u00fcgt auch \u00fcber gastronomische Einrichtungen die f\u00fcr Feste, Veranstaltungen und Events genutzt werden k\u00f6nnen.<\/p>\n<\/div><\/div>\n","protected":false},"excerpt":{"rendered":"<p>Sie suchen einen tollen Campingpark im Siebengebirge mit Langzeitstellplatz? Dann sind Sie im Campingpark Siebengebirge richtig. Campingpark Der Campingpark Siebengebirge verf\u00fcgt \u00fcber ca. 80 Dauerstellpl\u00e4tze mit einer Fl\u00e4che von ca. &hellip;<\/p>\n","protected":false},"author":1,"featured_media":0,"parent":0,"menu_order":0,"comment_status":"closed","ping_status":"closed","template":"","meta":[],"_links":{"self":[{"href":"https:\/\/campingpark-siebengebirge.de\/index.php?rest_route=\/wp\/v2\/pages\/294"}],"collection":[{"href":"https:\/\/campingpark-siebengebirge.de\/index.php?rest_route=\/wp\/v2\/pages"}],"about":[{"href":"https:\/\/campingpark-siebengebirge.de\/index.php?rest_route=\/wp\/v2\/types\/page"}],"author":[{"embeddable":true,"href":"https:\/\/campingpark-siebengebirge.de\/index.php?rest_route=\/wp\/v2\/users\/1"}],"replies":[{"embeddable":true,"href":"https:\/\/campingpark-siebengebirge.de\/index.php?rest_route=%2Fwp%2Fv2%2Fcomments&post=294"}],"version-history":[{"count":4,"href":"https:\/\/campingpark-siebengebirge.de\/index.php?rest_route=\/wp\/v2\/pages\/294\/revisions"}],"predecessor-version":[{"id":302,"href":"https:\/\/campingpark-siebengebirge.de\/index.php?rest_route=\/wp\/v2\/pages\/294\/revisions\/302"}],"wp:attachment":[{"href":"https:\/\/campingpark-siebengebirge.de\/index.php?rest_route=%2Fwp%2Fv2%2Fmedia&parent=294"}],"curies":[{"name":"wp","href":"https:\/\/api.w.org\/{rel}","templated":true}]}}