{"id":17,"date":"2022-10-11T08:02:01","date_gmt":"2022-10-11T08:02:01","guid":{"rendered":"https:\/\/campingpark-siebengebirge.de\/?page_id=17"},"modified":"2022-11-05T08:14:48","modified_gmt":"2022-11-05T08:14:48","slug":"impressum","status":"publish","type":"page","link":"https:\/\/campingpark-siebengebirge.de\/?page_id=17","title":{"rendered":"Impressum"},"content":{"rendered":"\n<p>Der Campingpark Siebengebirge wird betrieben von:<\/p>\n\n\n\n<p>pro domo GmbH<\/p>\n\n\n\n<p>Hauptstrasse 53<\/p>\n\n\n\n<p>51491 Overath<\/p>\n\n\n\n<p>Deutschland<\/p>\n\n\n\n<p>AG K\u00f6ln HRB 86606<\/p>\n\n\n\n<p>USt.-ID: DE279158073<\/p>\n\n\n\n<p>Gesch\u00e4ftsf\u00fchrer:&nbsp;Peter Knappertsbusch<\/p>\n","protected":false},"excerpt":{"rendered":"<p>Der Campingpark Siebengebirge wird betrieben von: pro domo GmbH Hauptstrasse 53 51491 Overath Deutschland AG K\u00f6ln HRB 86606 USt.-ID: DE279158073 Gesch\u00e4ftsf\u00fchrer:&nbsp;Peter Knappertsbusch<\/p>\n","protected":false},"author":1,"featured_media":0,"parent":0,"menu_order":0,"comment_status":"closed","ping_status":"closed","template":"","meta":[],"_links":{"self":[{"href":"https:\/\/campingpark-siebengebirge.de\/index.php?rest_route=\/wp\/v2\/pages\/17"}],"collection":[{"href":"https:\/\/campingpark-siebengebirge.de\/index.php?rest_route=\/wp\/v2\/pages"}],"about":[{"href":"https:\/\/campingpark-siebengebirge.de\/index.php?rest_route=\/wp\/v2\/types\/page"}],"author":[{"embeddable":true,"href":"https:\/\/campingpark-siebengebirge.de\/index.php?rest_route=\/wp\/v2\/users\/1"}],"replies":[{"embeddable":true,"href":"https:\/\/campingpark-siebengebirge.de\/index.php?rest_route=%2Fwp%2Fv2%2Fcomments&post=17"}],"version-history":[{"count":3,"href":"https:\/\/campingpark-siebengebirge.de\/index.php?rest_route=\/wp\/v2\/pages\/17\/revisions"}],"predecessor-version":[{"id":182,"href":"https:\/\/campingpark-siebengebirge.de\/index.php?rest_route=\/wp\/v2\/pages\/17\/revisions\/182"}],"wp:attachment":[{"href":"https:\/\/campingpark-siebengebirge.de\/index.php?rest_route=%2Fwp%2Fv2%2Fmedia&parent=17"}],"curies":[{"name":"wp","href":"https:\/\/api.w.org\/{rel}","templated":true}]}}