{"id":14,"date":"2022-10-11T08:02:01","date_gmt":"2022-10-11T08:02:01","guid":{"rendered":"https:\/\/campingpark-siebengebirge.de\/?page_id=14"},"modified":"2024-08-26T18:51:57","modified_gmt":"2024-08-26T18:51:57","slug":"aktivitaeten","status":"publish","type":"page","link":"https:\/\/campingpark-siebengebirge.de\/?page_id=14","title":{"rendered":"Aktivit\u00e4ten"},"content":{"rendered":"\n<div class=\"is-layout-flex wp-container-2 wp-block-columns\">\n<div class=\"is-layout-flow wp-block-column\" style=\"flex-basis:100%\">\n<div class=\"wp-block-nextend-smartslider3\">[smartslider3 slider=&#8220;5&#8243;]<\/div>\n\n\n\n<p><\/p>\n\n\n\n<div style=\"height:66px\" aria-hidden=\"true\" class=\"wp-block-spacer\"><\/div>\n\n\n\n<h1 class=\"has-x-large-font-size\"><strong>Tolle Aussichten von Sonnenauf- bis Sonnenuntergang<\/strong><\/h1>\n\n\n\n<h4><strong>Zahlreiche Punkte im Siebengebirge bieten grandiose Ausblicke in die Landschaft bis in die K\u00f6lner Bucht und in die Eifel.<\/strong><\/h4>\n<\/div>\n<\/div>\n\n\n\n<div style=\"height:15px\" aria-hidden=\"true\" class=\"wp-block-spacer\"><\/div>\n\n\n\n<figure class=\"wp-block-table is-style-stripes has-medium-font-size\"><table class=\"has-white-background-color has-background\"><tbody><tr><td class=\"has-text-align-left\" data-align=\"left\"><strong>Siebengebirge<\/strong>. Unter den Top 10 der sch\u00f6nsten Ausblicke im Siebengebirge sind ganz sicher die bekanntesten Berge wie der Oelberg, die L\u00f6wenburg, der Drachenfels oder der Petersberg . Aber eben nicht nur sie. H\u00e4ufig bieten sich von eher versteckteren Punkten grandiose Fernsichten. Bei klarem Wetter kann man manchmal sogar bis D\u00fcsseldorf, zum Braunkohletagebau bei J\u00fclich, in die Eifel oder in den Westerwald schauen.<\/td><td><\/td><\/tr><tr><td class=\"has-text-align-left\" data-align=\"left\"><strong>Sonnenaufgangsblick<\/strong>: Der Oelberg ist mit 461 Metern der h\u00f6chste Berg des Siebengebirges. Ein echtes Kleinod findet sich an seinem Osthang. In Nachbarschaft zum kleinen Oelbergsee findet sich der Sonnenaufgangsblick, der auch Ziel einer Karfreitagsprozession ist. Von dort blickt man tief nach Osten in den Westerwald hinein.<\/td><td><\/td><\/tr><tr><td class=\"has-text-align-left\" data-align=\"left\"><strong>Stenzelberg<\/strong>: Durch die Entbuschungsaktionen zum Schutz der Mauereidechse hat der Stenzelberg als Aussichtsberg noch gewonnen. Auf verschlungenen Pfaden gelangt man auch ohne Klettern \u2013 das ist seit vielen Jahren dort nicht mehr erlaubt \u2013 auf die Felsen und hat tolle Ausblicke.<\/td><td><\/td><\/tr><tr><td class=\"has-text-align-left\" data-align=\"left\"><strong>Geisberg<\/strong>: Bekannter ist der Berg erst, seit der Rheinsteig \u00fcber ihn f\u00fchrt. Der unscheinbare Pfad zu der 324 Meter hohen Erhebung zweigt nach ungef\u00e4hr zwei Dritteln des Hauptwanderwegs zwischen Margarethenh\u00f6he und Milchh\u00e4uschen links ab. Die letzten Meter sind sehr steil. Auf dem Gipfel steht eine Schutzh\u00fctte. Der Blick geht zur L\u00f6wenburg und zum Drachenfels.<\/td><td><\/td><\/tr><tr><td class=\"has-text-align-left\" data-align=\"left\"><strong>H\u00fclle<\/strong>: Am Rheinsteig liegt die \u201eH\u00fclle\u201c in den Oberdollendorfer Weinbergen. Wer sich von dem \u00fcberw\u00e4ltigenden Blick \u00fcberraschen lassen m\u00f6chte, geht den Premium-Wanderweg am besten aus Richtung Heisterbach. Sobald man aus dem Wald der Dollendorfer Hardt tritt, blickt man nach Bonn und weiter dar\u00fcber hinaus.<\/td><td><\/td><\/tr><tr><td class=\"has-text-align-left\" data-align=\"left\"><strong>Drei-Seen-Blick<\/strong>: Von dort aus kann man drei Schleifen des Rheins zwischen den H\u00fcgeln erblicken. Dort gibt es auch eine Schutzh\u00fctte und B\u00e4nke. Der Punkt kann gut in eine Wanderung von der Margarethenh\u00f6he rund um den Lohrberg zur L\u00f6wenburg eingebaut werden.<\/td><td><\/td><\/tr><tr><td class=\"has-text-align-left\" data-align=\"left\"><strong>Gro\u00dfer Breiberg<\/strong>: Wer den Blick vom Gro\u00dfen Breiberg oberhalb von Rh\u00f6ndorf genie\u00dfen m\u00f6chte, braucht gute Kondition. Vom Rh\u00f6ndorfer Waldfriedhof f\u00fchrt der Rheinsteig steil Richtung L\u00f6wenburg. An der Breibergh\u00fctte f\u00fchrt der Weg \u00fcber kleine Pfade auf den Gipfel. Ein wundersch\u00f6ner Platz f\u00fcr Romantiker und Freunde von sch\u00f6nen Sonnenunterg\u00e4ngen.<\/td><td><\/td><\/tr><tr><td class=\"has-text-align-left\" data-align=\"left\"><strong>Eifelblick<\/strong>: Der Eifelblick liegt nur mit etwa 188 Metern \u00fcber NHN nicht besonders hoch. Und doch bietet der Aussichtspunkt an der Zickelburg \u00f6stlich des Bad Honnefer Stadtteils Selhof und n\u00f6rdlich des Menzenbergs sch\u00f6ne Aussichten \u2013 wie der Name sagt, im Winter auch in Richtung Eifel.<\/td><td><\/td><\/tr><tr><td class=\"has-text-align-left\" data-align=\"left\"><strong>Himmerich<\/strong>: Der Himmerich, im Volksmund auch \u201eRiesenschiss\u201c genannt, ist ein 367,1 Meter hoher Berg auf dem Rheinwesterw\u00e4lder Vulkanr\u00fccken. Etwas unterhalb des Gipfels liegt ein Plateau, von dem aus der Blick unter anderem \u00fcber ganz Bad Honnef, auf die L\u00f6wenburg und den Drachenfels m\u00f6glich ist.<\/td><td><\/td><\/tr><tr><td class=\"has-text-align-left\" data-align=\"left\"><strong>Erpeler Ley<\/strong>: Auch der n\u00f6rdliche Kreis Neuwied hat viel zu bieten, so die Erpeler Ley. Neben dem Drachenfels geh\u00f6rt die 136 Meter \u00fcber dem Rhein liegende Erhebung zu den bekanntesten Vulkanruinen am Mittelrhein. Vom Plateau aus gibt es einen tollen Rundblick.<\/td><td><\/td><\/tr><tr><td class=\"has-text-align-left\" data-align=\"left\"><strong>Stux<\/strong>: Der Stux oder Stuxberg ist eine felsige Anh\u00f6he oberhalb von Unkel-Heister, von der aus sich die Aussicht \u00fcber das Rheintal er\u00f6ffnet. Am Fu\u00df des Stux befindet sich n\u00f6rdlich ein pittoresker Wasserfall direkt an der L 252. mel\/suc<\/td><td><\/td><\/tr><\/tbody><\/table><\/figure>\n\n\n\n<h6>Quelle: General-Anzeiger-Bonn vom 07.06.2019<\/h6>\n","protected":false},"excerpt":{"rendered":"<p>Tolle Aussichten von Sonnenauf- bis Sonnenuntergang Zahlreiche Punkte im Siebengebirge bieten grandiose Ausblicke in die Landschaft bis in die K\u00f6lner Bucht und in die Eifel. Siebengebirge. Unter den Top 10 &hellip;<\/p>\n","protected":false},"author":1,"featured_media":0,"parent":0,"menu_order":0,"comment_status":"closed","ping_status":"closed","template":"","meta":[],"_links":{"self":[{"href":"https:\/\/campingpark-siebengebirge.de\/index.php?rest_route=\/wp\/v2\/pages\/14"}],"collection":[{"href":"https:\/\/campingpark-siebengebirge.de\/index.php?rest_route=\/wp\/v2\/pages"}],"about":[{"href":"https:\/\/campingpark-siebengebirge.de\/index.php?rest_route=\/wp\/v2\/types\/page"}],"author":[{"embeddable":true,"href":"https:\/\/campingpark-siebengebirge.de\/index.php?rest_route=\/wp\/v2\/users\/1"}],"replies":[{"embeddable":true,"href":"https:\/\/campingpark-siebengebirge.de\/index.php?rest_route=%2Fwp%2Fv2%2Fcomments&post=14"}],"version-history":[{"count":15,"href":"https:\/\/campingpark-siebengebirge.de\/index.php?rest_route=\/wp\/v2\/pages\/14\/revisions"}],"predecessor-version":[{"id":305,"href":"https:\/\/campingpark-siebengebirge.de\/index.php?rest_route=\/wp\/v2\/pages\/14\/revisions\/305"}],"wp:attachment":[{"href":"https:\/\/campingpark-siebengebirge.de\/index.php?rest_route=%2Fwp%2Fv2%2Fmedia&parent=14"}],"curies":[{"name":"wp","href":"https:\/\/api.w.org\/{rel}","templated":true}]}}